{"id":1591,"date":"2015-04-04T18:29:10","date_gmt":"2015-04-04T17:29:10","guid":{"rendered":"http:\/\/www.apcf.pt\/?page_id=1591"},"modified":"2020-03-02T11:23:54","modified_gmt":"2020-03-02T11:23:54","slug":"pisoes-carp-classic-2015","status":"publish","type":"page","link":"https:\/\/www.apcf.pt\/?page_id=1591","title":{"rendered":"Pis\u00f5es Carp Classic 2020"},"content":{"rendered":"\n<p><strong>INFORMAMOS QUE AS INSCRI\u00c7\u00d5ES EST\u00c3O ENCERRADAS, O LIMITE M\u00c1XIMO DE EQUIPAS PARTICIPANTES FOI ATINGIDO. OBRIGADO A TODOS OS INSCRITOS!<\/strong><\/p>\n\n\n<p><a href=\"http:\/\/www.apcf.pt\/wp-content\/uploads\/2020\/03\/PisoesCarpClassic-1.jpg\"><img loading=\"lazy\" decoding=\"async\" class=\"alignnone size-full wp-image-1854\" src=\"http:\/\/www.apcf.pt\/wp-content\/uploads\/2020\/03\/PisoesCarpClassic-1.jpg\" alt=\"\" width=\"1184\" height=\"1993\" srcset=\"https:\/\/www.apcf.pt\/wp-content\/uploads\/2020\/03\/PisoesCarpClassic-1.jpg 1184w, https:\/\/www.apcf.pt\/wp-content\/uploads\/2020\/03\/PisoesCarpClassic-1-768x1292.jpg 768w, https:\/\/www.apcf.pt\/wp-content\/uploads\/2020\/03\/PisoesCarpClassic-1-300x504.jpg 300w\" sizes=\"(max-width: 1184px) 100vw, 1184px\" \/><\/a><\/p>\n<p>Bases gerais do regulamento:<\/p>\n<p>&#8211; Peso m\u00ednimo pontu\u00e1vel: 3,500kg<br \/>&#8211; Proibido o uso de todo o tipo de barcos.<br \/>&#8211; Op\u00e7\u00e3o de a equipa inscrever um terceiro elemento, mas o pesqueiro continua limitado a um m\u00e1ximo de 4 canas em ac\u00e7\u00e3o de pesca.<br \/>&#8211; As inscri\u00e7\u00f5es s\u00e3o limitadas e s\u00f3 s\u00e3o v\u00e1lidas ap\u00f3s recebermos os boillies das mesmas.<\/p>\n<p>Boillies:<\/p>\n<p>S\u00f3cios da APCF &#8211; 50 boillies<br \/>N\u00e3o-s\u00f3cios &#8211; 60 boillies<br \/>Terceiro elemento s\u00f3cio da APCF &#8211; 25 boillies<br \/>Terceiro elemento n\u00e3o-s\u00f3cio &#8211; 30 boillies<\/p>\n<p style=\"text-align: center;\"><a title=\"Inscri\u00e7\u00f5es\" href=\"https:\/\/docs.google.com\/forms\/d\/1kVM1U22cmwyh-LEuoisXysvh2QvyUcsSafSiplNajbg\/viewform\" target=\"_blank\" rel=\"noopener noreferrer\">INSCRI\u00c7\u00d5ES AQUI<\/a><\/p>","protected":false},"excerpt":{"rendered":"<p>INFORMAMOS QUE AS INSCRI\u00c7\u00d5ES EST\u00c3O ENCERRADAS, O LIMITE M\u00c1XIMO DE EQUIPAS PARTICIPANTES <span class=\"custom_excerpt\"> &#8230;<\/span><\/p>\n","protected":false},"author":19,"featured_media":0,"parent":0,"menu_order":0,"comment_status":"open","ping_status":"open","template":"","meta":{"_bbp_topic_count":0,"_bbp_reply_count":0,"_bbp_total_topic_count":0,"_bbp_total_reply_count":0,"_bbp_voice_count":0,"_bbp_anonymous_reply_count":0,"_bbp_topic_count_hidden":0,"_bbp_reply_count_hidden":0,"_bbp_forum_subforum_count":0,"jetpack_post_was_ever_published":false,"footnotes":""},"jetpack_sharing_enabled":true,"jetpack_shortlink":"https:\/\/wp.me\/P5EBhA-pF","_links":{"self":[{"href":"https:\/\/www.apcf.pt\/index.php?rest_route=\/wp\/v2\/pages\/1591"}],"collection":[{"href":"https:\/\/www.apcf.pt\/index.php?rest_route=\/wp\/v2\/pages"}],"about":[{"href":"https:\/\/www.apcf.pt\/index.php?rest_route=\/wp\/v2\/types\/page"}],"author":[{"embeddable":true,"href":"https:\/\/www.apcf.pt\/index.php?rest_route=\/wp\/v2\/users\/19"}],"replies":[{"embeddable":true,"href":"https:\/\/www.apcf.pt\/index.php?rest_route=%2Fwp%2Fv2%2Fcomments&post=1591"}],"version-history":[{"count":33,"href":"https:\/\/www.apcf.pt\/index.php?rest_route=\/wp\/v2\/pages\/1591\/revisions"}],"predecessor-version":[{"id":1856,"href":"https:\/\/www.apcf.pt\/index.php?rest_route=\/wp\/v2\/pages\/1591\/revisions\/1856"}],"wp:attachment":[{"href":"https:\/\/www.apcf.pt\/index.php?rest_route=%2Fwp%2Fv2%2Fmedia&parent=1591"}],"curies":[{"name":"wp","href":"https:\/\/api.w.org\/{rel}","templated":true}]}}