{"id":897,"date":"2014-11-18T22:03:27","date_gmt":"2014-11-18T22:03:27","guid":{"rendered":"http:\/\/www.apcf.pt\/?page_id=897"},"modified":"2015-01-17T22:08:48","modified_gmt":"2015-01-17T22:08:48","slug":"mensagem-direcao","status":"publish","type":"page","link":"http:\/\/www.apcf.pt\/?page_id=897","title":{"rendered":"Mensagem da Dire\u00e7\u00e3o"},"content":{"rendered":"<p style=\"text-align: justify;\"><div class=\"rescue-box green none  rescue-all\" style=\"text-align:left; width:100%;\"> \nA Associa\u00e7\u00e3o Portuguesa de Carp Fishing foi constitu\u00edda em Dezembro de 2007. Sendo uma associa\u00e7\u00e3o sem fins lucrativos, a APCF congrega associados de todo Pa\u00eds que comungam objectivos comuns: Desenvolvimento da modalidade no nosso Pa\u00eds, cria\u00e7\u00e3o de melhores condi\u00e7\u00f5es em diversos locais para a pr\u00e1tica da modalidade, aprova\u00e7\u00e3o de leis adequadas \u00e0 pr\u00e1tica da modalidade, colabora\u00e7\u00e3o com as autoridades tendo em vista o Bem Comum. A APCF prima pela seriedade e empenho em todas as causas positivas em que se envolveu. Ao longo dos anos, a APCF, al\u00e9m de ter publicado in\u00fameros artigos, desenvolveu, \u00a0para os seus membros e para a restante comunidade, confer\u00eancias, enduros, Workshops, ac\u00e7\u00f5es de forma\u00e7\u00e3o e\u00a0ac\u00e7\u00f5es de limpeza, tendo hoje uma rede de parceiros muito ampla: Governo, C\u00e2maras Municipais, ICNF, Juntas de Freguesias, empresas, FPPD, comunica\u00e7\u00e3o social, lojas de artigos de pesca.\u00a0Para isso foi vital a colabora\u00e7\u00e3o dos s\u00f3cios: a\u00a0 qualidade\u00a0 do trabalho desenvolvido pela APCF \u00e9 um reflexo do valor e trabalho volunt\u00e1rio dos seus associados. Um caloroso \u201cobrigado\u201d a todos.<\/p>\n<p>Ricardo Pimenta<\/p>\n<\/div>\n<p style=\"text-align: justify;\"><div class=\"wow slideInLeft\" data-wow-duration=\"2s\" data-wow-offset=\"\" data-wow-delay=\"0s\" data-wow-iteration=\"1\"><strong>A APCF continuar\u00e1 o seu trajecto com a seriedade de sempre e o empenho habitual para, no Carp Fishing, termos um futuro bem melhor que o nosso passado. Todos aqueles que se identificarem com os objectivos da APCF devem juntar-se a n\u00f3s. \u00c9 para mim uma enorme honra e orgulho ser presidente da APCF. Conto com todos para continuarmos a construir o futuro do carp fishing em Portugal.<\/strong><\/div>\n<p>&nbsp;<\/p>\n<p style=\"text-align: justify;\">\n","protected":false},"excerpt":{"rendered":"<p>&nbsp;<\/p>\n","protected":false},"author":10,"featured_media":0,"parent":0,"menu_order":0,"comment_status":"open","ping_status":"open","template":"","meta":{"_bbp_topic_count":0,"_bbp_reply_count":0,"_bbp_total_topic_count":0,"_bbp_total_reply_count":0,"_bbp_voice_count":0,"_bbp_anonymous_reply_count":0,"_bbp_topic_count_hidden":0,"_bbp_reply_count_hidden":0,"_bbp_forum_subforum_count":0,"jetpack_post_was_ever_published":false,"footnotes":""},"jetpack_sharing_enabled":true,"jetpack_shortlink":"https:\/\/wp.me\/P5EBhA-et","_links":{"self":[{"href":"http:\/\/www.apcf.pt\/index.php?rest_route=\/wp\/v2\/pages\/897"}],"collection":[{"href":"http:\/\/www.apcf.pt\/index.php?rest_route=\/wp\/v2\/pages"}],"about":[{"href":"http:\/\/www.apcf.pt\/index.php?rest_route=\/wp\/v2\/types\/page"}],"author":[{"embeddable":true,"href":"http:\/\/www.apcf.pt\/index.php?rest_route=\/wp\/v2\/users\/10"}],"replies":[{"embeddable":true,"href":"http:\/\/www.apcf.pt\/index.php?rest_route=%2Fwp%2Fv2%2Fcomments&post=897"}],"version-history":[{"count":14,"href":"http:\/\/www.apcf.pt\/index.php?rest_route=\/wp\/v2\/pages\/897\/revisions"}],"predecessor-version":[{"id":1076,"href":"http:\/\/www.apcf.pt\/index.php?rest_route=\/wp\/v2\/pages\/897\/revisions\/1076"}],"wp:attachment":[{"href":"http:\/\/www.apcf.pt\/index.php?rest_route=%2Fwp%2Fv2%2Fmedia&parent=897"}],"curies":[{"name":"wp","href":"https:\/\/api.w.org\/{rel}","templated":true}]}}